{"id":307,"date":"2026-03-28T15:07:17","date_gmt":"2026-03-28T15:07:17","guid":{"rendered":"https:\/\/omerixesport.fr\/?page_id=307"},"modified":"2026-03-30T14:31:56","modified_gmt":"2026-03-30T14:31:56","slug":"teamfight-tactics","status":"publish","type":"page","link":"https:\/\/omerixesport.fr\/?page_id=307","title":{"rendered":"teamfight-tactics"},"content":{"rendered":"\t\t<div data-elementor-type=\"wp-page\" data-elementor-id=\"307\" class=\"elementor elementor-307\">\n\t\t\t\t<div class=\"elementor-element elementor-element-4f8918e e-flex e-con-boxed e-con e-parent\" data-id=\"4f8918e\" data-element_type=\"container\" data-e-type=\"container\">\n\t\t\t\t\t<div class=\"e-con-inner\">\n\t\t\t\t<div class=\"elementor-element elementor-element-8508974 elementor-widget-divider--view-line elementor-widget elementor-widget-divider\" data-id=\"8508974\" data-element_type=\"widget\" data-e-type=\"widget\" data-widget_type=\"divider.default\">\n\t\t\t\t\t\t\t<div class=\"elementor-divider\">\n\t\t\t<span class=\"elementor-divider-separator\">\n\t\t\t\t\t\t<\/span>\n\t\t<\/div>\n\t\t\t\t\t\t<\/div>\n\t\t\t\t\t<\/div>\n\t\t\t\t<\/div>\n\t\t<div class=\"elementor-element elementor-element-50c7211 e-flex e-con-boxed e-con e-parent\" data-id=\"50c7211\" data-element_type=\"container\" data-e-type=\"container\">\n\t\t\t\t\t<div class=\"e-con-inner\">\n\t\t\t\t<div class=\"elementor-element elementor-element-cb072eb elementor-widget elementor-widget-heading\" data-id=\"cb072eb\" data-element_type=\"widget\" data-e-type=\"widget\" data-widget_type=\"heading.default\">\n\t\t\t\t\t<h2 class=\"elementor-heading-title elementor-size-default\">Teamfight Tactics<\/h2>\t\t\t\t<\/div>\n\t\t\t\t\t<\/div>\n\t\t\t\t<\/div>\n\t\t<div class=\"elementor-element elementor-element-f5297f6 e-flex e-con-boxed e-con e-parent\" data-id=\"f5297f6\" data-element_type=\"container\" data-e-type=\"container\">\n\t\t\t\t\t<div class=\"e-con-inner\">\n\t\t\t\t<div class=\"elementor-element elementor-element-5c493ea elementor-widget elementor-widget-spacer\" data-id=\"5c493ea\" data-element_type=\"widget\" data-e-type=\"widget\" data-widget_type=\"spacer.default\">\n\t\t\t\t\t\t\t<div class=\"elementor-spacer\">\n\t\t\t<div class=\"elementor-spacer-inner\"><\/div>\n\t\t<\/div>\n\t\t\t\t\t\t<\/div>\n\t\t\t\t\t<\/div>\n\t\t\t\t<\/div>\n\t\t<div class=\"elementor-element elementor-element-42701d9 e-flex e-con-boxed e-con e-parent\" data-id=\"42701d9\" data-element_type=\"container\" data-e-type=\"container\">\n\t\t\t\t\t<div class=\"e-con-inner\">\n\t\t<div class=\"elementor-element elementor-element-e7783e0 e-con-full e-flex e-con e-child\" data-id=\"e7783e0\" data-element_type=\"container\" data-e-type=\"container\">\n\t\t<div class=\"elementor-element elementor-element-04e3a93 e-grid e-con-full e-con e-child\" data-id=\"04e3a93\" data-element_type=\"container\" data-e-type=\"container\">\n\t\t\t\t<div class=\"elementor-element elementor-element-5ef0392 elementor-widget elementor-widget-ufae_simple_flipbox_widget\" data-id=\"5ef0392\" data-element_type=\"widget\" data-e-type=\"widget\" data-widget_type=\"ufae_simple_flipbox_widget.default\">\n\t\t\t\t<div class=\"elementor-widget-container\">\n\t\t\t\t\t<div class=\"ufae-wrapper\"><div id=\"ufae_simple_5ef0392\" class=\"ufae-container ufae-layout-vertical\" data-ufae-animation=\"flip-left\" data-ufae-transition=\"1000\" data-ufae-event-type=\"default\"><div class=\"ufae-flipbox-item\"><div class=\"ufae-flipbox-inner\"><div class=\"ufae-flipbox-inner-overlay\"><div class=\"ufae-flipbox-front\"><div class=\"ufae-flipbox-content-overlay\"><div class=\"ufae-flipbox-content\"><h2 class=\"ufae-title\">Crabitos<\/h2><\/div><\/div><\/div><div class=\"ufae-flipbox-back\"><div class=\"ufae-flipbox-content-overlay\"><div class=\"ufae-flipbox-content\"><h2 class=\"ufae-title\">Pr\u00e9sentation<\/h2><\/div><\/div><\/div><\/div><\/div><\/div><\/div><\/div>\t\t\t\t<\/div>\n\t\t\t\t<\/div>\n\t\t\t\t<div class=\"elementor-element elementor-element-1435e22 elementor-widget elementor-widget-ufae_simple_flipbox_widget\" data-id=\"1435e22\" data-element_type=\"widget\" data-e-type=\"widget\" data-widget_type=\"ufae_simple_flipbox_widget.default\">\n\t\t\t\t<div class=\"elementor-widget-container\">\n\t\t\t\t\t<div class=\"ufae-wrapper\"><div id=\"ufae_simple_1435e22\" class=\"ufae-container ufae-layout-vertical\" data-ufae-animation=\"flip-left\" data-ufae-transition=\"1000\" data-ufae-event-type=\"default\"><div class=\"ufae-flipbox-item\"><div class=\"ufae-flipbox-inner\"><div class=\"ufae-flipbox-inner-overlay\"><div class=\"ufae-flipbox-front\"><div class=\"ufae-flipbox-content-overlay\"><div class=\"ufae-flipbox-content\"><h2 class=\"ufae-title\">Odinslave<\/h2><\/div><\/div><\/div><div class=\"ufae-flipbox-back\"><div class=\"ufae-flipbox-content-overlay\"><div class=\"ufae-flipbox-content\"><h2 class=\"ufae-title\">Pr\u00e9sentation<\/h2><\/div><\/div><\/div><\/div><\/div><\/div><\/div><\/div>\t\t\t\t<\/div>\n\t\t\t\t<\/div>\n\t\t\t\t<div class=\"elementor-element elementor-element-5623005 elementor-widget elementor-widget-ufae_simple_flipbox_widget\" data-id=\"5623005\" data-element_type=\"widget\" data-e-type=\"widget\" data-widget_type=\"ufae_simple_flipbox_widget.default\">\n\t\t\t\t<div class=\"elementor-widget-container\">\n\t\t\t\t\t<div class=\"ufae-wrapper\"><div id=\"ufae_simple_5623005\" class=\"ufae-container ufae-layout-vertical\" data-ufae-animation=\"flip-left\" data-ufae-transition=\"1000\" data-ufae-event-type=\"default\"><div class=\"ufae-flipbox-item\"><div class=\"ufae-flipbox-inner\"><div class=\"ufae-flipbox-inner-overlay\"><div class=\"ufae-flipbox-front\"><div class=\"ufae-flipbox-content-overlay\"><div class=\"ufae-flipbox-content\"><h2 class=\"ufae-title\">Shatouille<\/h2><\/div><\/div><\/div><div class=\"ufae-flipbox-back\"><div class=\"ufae-flipbox-content-overlay\"><div class=\"ufae-flipbox-content\"><h2 class=\"ufae-title\">Pr\u00e9sentation<\/h2><\/div><\/div><\/div><\/div><\/div><\/div><\/div><\/div>\t\t\t\t<\/div>\n\t\t\t\t<\/div>\n\t\t\t\t<div class=\"elementor-element elementor-element-9b3a3af elementor-widget elementor-widget-ufae_simple_flipbox_widget\" data-id=\"9b3a3af\" data-element_type=\"widget\" data-e-type=\"widget\" data-widget_type=\"ufae_simple_flipbox_widget.default\">\n\t\t\t\t<div class=\"elementor-widget-container\">\n\t\t\t\t\t<div class=\"ufae-wrapper\"><div id=\"ufae_simple_9b3a3af\" class=\"ufae-container ufae-layout-vertical\" data-ufae-animation=\"flip-left\" data-ufae-transition=\"1000\" data-ufae-event-type=\"default\"><div class=\"ufae-flipbox-item\"><div class=\"ufae-flipbox-inner\"><div class=\"ufae-flipbox-inner-overlay\"><div class=\"ufae-flipbox-front\"><div class=\"ufae-flipbox-content-overlay\"><div class=\"ufae-flipbox-content\"><h2 class=\"ufae-title\">Syph<\/h2><\/div><\/div><\/div><div class=\"ufae-flipbox-back\"><div class=\"ufae-flipbox-content-overlay\"><div class=\"ufae-flipbox-content\"><h2 class=\"ufae-title\">Pr\u00e9sentation<\/h2><\/div><\/div><\/div><\/div><\/div><\/div><\/div><\/div>\t\t\t\t<\/div>\n\t\t\t\t<\/div>\n\t\t\t\t<\/div>\n\t\t\t\t<\/div>\n\t\t\t\t\t<\/div>\n\t\t\t\t<\/div>\n\t\t<div class=\"elementor-element elementor-element-12acba1 e-flex e-con-boxed e-con e-parent\" data-id=\"12acba1\" data-element_type=\"container\" data-e-type=\"container\">\n\t\t\t\t\t<div class=\"e-con-inner\">\n\t\t\t\t<div class=\"elementor-element elementor-element-97e153b elementor-widget elementor-widget-spacer\" data-id=\"97e153b\" data-element_type=\"widget\" data-e-type=\"widget\" data-widget_type=\"spacer.default\">\n\t\t\t\t\t\t\t<div class=\"elementor-spacer\">\n\t\t\t<div class=\"elementor-spacer-inner\"><\/div>\n\t\t<\/div>\n\t\t\t\t\t\t<\/div>\n\t\t\t\t\t<\/div>\n\t\t\t\t<\/div>\n\t\t<div class=\"elementor-element elementor-element-216d99f e-flex e-con-boxed e-con e-parent\" data-id=\"216d99f\" data-element_type=\"container\" data-e-type=\"container\">\n\t\t\t\t\t<div class=\"e-con-inner\">\n\t\t\t\t<div class=\"elementor-element elementor-element-2d40dd3 elementor-widget-divider--view-line elementor-widget elementor-widget-divider\" data-id=\"2d40dd3\" data-element_type=\"widget\" data-e-type=\"widget\" data-widget_type=\"divider.default\">\n\t\t\t\t\t\t\t<div class=\"elementor-divider\">\n\t\t\t<span class=\"elementor-divider-separator\">\n\t\t\t\t\t\t<\/span>\n\t\t<\/div>\n\t\t\t\t\t\t<\/div>\n\t\t\t\t\t<\/div>\n\t\t\t\t<\/div>\n\t\t<div class=\"elementor-element elementor-element-4d1dbab e-flex e-con-boxed e-con e-parent\" data-id=\"4d1dbab\" data-element_type=\"container\" data-e-type=\"container\">\n\t\t\t\t\t<div class=\"e-con-inner\">\n\t\t\t\t<div class=\"elementor-element elementor-element-b296d0d elementor-widget elementor-widget-spacer\" data-id=\"b296d0d\" data-element_type=\"widget\" data-e-type=\"widget\" data-widget_type=\"spacer.default\">\n\t\t\t\t\t\t\t<div class=\"elementor-spacer\">\n\t\t\t<div class=\"elementor-spacer-inner\"><\/div>\n\t\t<\/div>\n\t\t\t\t\t\t<\/div>\n\t\t\t\t\t<\/div>\n\t\t\t\t<\/div>\n\t\t<div class=\"elementor-element elementor-element-0356818 e-flex e-con-boxed e-con e-parent\" data-id=\"0356818\" data-element_type=\"container\" data-e-type=\"container\">\n\t\t\t\t\t<div class=\"e-con-inner\">\n\t\t<div class=\"elementor-element elementor-element-9834ef8 e-con-full e-flex e-con e-child\" data-id=\"9834ef8\" data-element_type=\"container\" data-e-type=\"container\">\n\t\t\t\t<div class=\"elementor-element elementor-element-7df01b6 elementor-widget elementor-widget-heading\" data-id=\"7df01b6\" data-element_type=\"widget\" data-e-type=\"widget\" data-widget_type=\"heading.default\">\n\t\t\t\t\t<h2 class=\"elementor-heading-title elementor-size-default\">Calendrier<\/h2>\t\t\t\t<\/div>\n\t\t\t\t<\/div>\n\t\t\t\t\t<\/div>\n\t\t\t\t<\/div>\n\t\t<div class=\"elementor-element elementor-element-c4176bc e-flex e-con-boxed e-con e-parent\" data-id=\"c4176bc\" data-element_type=\"container\" data-e-type=\"container\">\n\t\t\t\t\t<div class=\"e-con-inner\">\n\t\t\t\t<div class=\"elementor-element elementor-element-af12740 elementor-widget elementor-widget-spacer\" data-id=\"af12740\" data-element_type=\"widget\" data-e-type=\"widget\" data-widget_type=\"spacer.default\">\n\t\t\t\t\t\t\t<div class=\"elementor-spacer\">\n\t\t\t<div class=\"elementor-spacer-inner\"><\/div>\n\t\t<\/div>\n\t\t\t\t\t\t<\/div>\n\t\t\t\t\t<\/div>\n\t\t\t\t<\/div>\n\t\t\t\t<\/div>\n\t\t","protected":false},"excerpt":{"rendered":"<p>Teamfight Tactics Crabitos Pr\u00e9sentation Odinslave Pr\u00e9sentation Shatouille Pr\u00e9sentation Syph Pr\u00e9sentation Calendrier<\/p>\n","protected":false},"author":1,"featured_media":0,"parent":0,"menu_order":0,"comment_status":"closed","ping_status":"closed","template":"","meta":{"footnotes":""},"class_list":["post-307","page","type-page","status-publish","hentry"],"_links":{"self":[{"href":"https:\/\/omerixesport.fr\/index.php?rest_route=\/wp\/v2\/pages\/307","targetHints":{"allow":["GET"]}}],"collection":[{"href":"https:\/\/omerixesport.fr\/index.php?rest_route=\/wp\/v2\/pages"}],"about":[{"href":"https:\/\/omerixesport.fr\/index.php?rest_route=\/wp\/v2\/types\/page"}],"author":[{"embeddable":true,"href":"https:\/\/omerixesport.fr\/index.php?rest_route=\/wp\/v2\/users\/1"}],"replies":[{"embeddable":true,"href":"https:\/\/omerixesport.fr\/index.php?rest_route=%2Fwp%2Fv2%2Fcomments&post=307"}],"version-history":[{"count":30,"href":"https:\/\/omerixesport.fr\/index.php?rest_route=\/wp\/v2\/pages\/307\/revisions"}],"predecessor-version":[{"id":426,"href":"https:\/\/omerixesport.fr\/index.php?rest_route=\/wp\/v2\/pages\/307\/revisions\/426"}],"wp:attachment":[{"href":"https:\/\/omerixesport.fr\/index.php?rest_route=%2Fwp%2Fv2%2Fmedia&parent=307"}],"curies":[{"name":"wp","href":"https:\/\/api.w.org\/{rel}","templated":true}]}}